{"id":134764,"date":"2025-05-29T09:52:04","date_gmt":"2025-05-29T09:52:04","guid":{"rendered":"https:\/\/joyfball.me\/contacta-con-nosotros\/"},"modified":"2025-06-18T09:28:23","modified_gmt":"2025-06-18T09:28:23","slug":"contacta-con-nosotros","status":"publish","type":"page","link":"https:\/\/joyfball.me\/?page_id=134764","title":{"rendered":"Contacta con nosotros"},"content":{"rendered":"\t\t<div data-elementor-type=\"wp-page\" data-elementor-id=\"134764\" class=\"elementor elementor-134764\">\n\t\t\t\t<div class=\"elementor-element elementor-element-f911889 e-flex e-con-boxed e-con e-parent\" data-id=\"f911889\" data-element_type=\"container\">\n\t\t\t\t\t<div class=\"e-con-inner\">\n\t\t\t\t<div class=\"elementor-element elementor-element-9301719 elementor-widget elementor-widget-heading\" data-id=\"9301719\" data-element_type=\"widget\" data-widget_type=\"heading.default\">\n\t\t\t\t<div class=\"elementor-widget-container\">\n\t\t\t\t\t<h1 class=\"elementor-heading-title elementor-size-default\">Contacta con nosotros<\/h1>\t\t\t\t<\/div>\n\t\t\t\t<\/div>\n\t\t\t\t\t<\/div>\n\t\t\t\t<\/div>\n\t\t<div class=\"elementor-element elementor-element-3cf834a e-flex e-con-boxed e-con e-parent\" data-id=\"3cf834a\" data-element_type=\"container\">\n\t\t\t\t\t<div class=\"e-con-inner\">\n\t\t\t\t<div class=\"elementor-element elementor-element-e027a09 elementor-widget elementor-widget-text-editor\" data-id=\"e027a09\" data-element_type=\"widget\" data-widget_type=\"text-editor.default\">\n\t\t\t\t<div class=\"elementor-widget-container\">\n\t\t\t\t\t\t\t\t\t<p><b><strong>Atenci\u00f3n al cliente De 9:00-18:00 (GMT+8)<br><br><\/strong><\/b><b><strong>Correo electr\u00f3nico :<\/strong><\/b> <a href=\"mailto:Nicejerseyshop@liuyangjersey.com\">Nicejerseyshop@liuyangjersey.com<\/a><br><br><b><strong>WhatsApp :<\/strong><\/b> +86 14739884982<\/p><p><br>Si por cualquier motivo necesitas ponerte en contacto con Nicejerseyshop &#8211; ya sea una pregunta, una preocupaci\u00f3n, la calidad , la talla, la frustraci\u00f3n por problemas de env\u00edo.<br><br>Queremos lo mejor para ti, as\u00ed que si hay alguna forma de que podamos ayudarte, <b><strong><a href=\"https:\/\/wa.me\/8614739884982\" target=\"_blank\" rel=\"noopener\">haz clic en el bot\u00f3n de chat en l\u00ednea<\/a><\/strong><\/b> o <b><strong><a href=\"mailto:Nicejerseyshop@liuyangjersey.com\" target=\"_blank\" rel=\"noopener\">env\u00edanos un correo electr\u00f3nico<\/a><\/strong><\/b>.<br><br>Aseg\u00farate de incluir tu correo electr\u00f3nico y n\u00famero de pedido para que podamos ayudarte lo m\u00e1s r\u00e1pidamente posible<\/p><p>Lorem ipsum dolor sit amet, consectetur adipiscing elit. Ut elit tellus, luctus nec ullamcorper mattis, pulvinar dapibus leo.<\/p>\t\t\t\t\t\t\t\t<\/div>\n\t\t\t\t<\/div>\n\t\t\t\t\t<\/div>\n\t\t\t\t<\/div>\n\t\t\t\t<\/div>\n\t\t","protected":false},"excerpt":{"rendered":"<p>Contacta con nosotros Atenci\u00f3n al cliente De 9:00-18:00 (GMT+8) Correo electr\u00f3nico : Nicejerseyshop@liuyangjersey.com WhatsApp : +86 14739884982 Si por cualquier motivo necesitas ponerte en contacto con Nicejerseyshop &#8211; ya sea una pregunta, una preocupaci\u00f3n, la calidad , la talla, la frustraci\u00f3n por problemas de env\u00edo. Queremos lo mejor para ti, as\u00ed que si hay alguna [&hellip;]<\/p>\n","protected":false},"author":1,"featured_media":0,"parent":0,"menu_order":0,"comment_status":"closed","ping_status":"closed","template":"","meta":{"footnotes":""},"class_list":["post-134764","page","type-page","status-publish","hentry"],"blocksy_meta":[],"_links":{"self":[{"href":"https:\/\/joyfball.me\/index.php?rest_route=\/wp\/v2\/pages\/134764","targetHints":{"allow":["GET"]}}],"collection":[{"href":"https:\/\/joyfball.me\/index.php?rest_route=\/wp\/v2\/pages"}],"about":[{"href":"https:\/\/joyfball.me\/index.php?rest_route=\/wp\/v2\/types\/page"}],"author":[{"embeddable":true,"href":"https:\/\/joyfball.me\/index.php?rest_route=\/wp\/v2\/users\/1"}],"replies":[{"embeddable":true,"href":"https:\/\/joyfball.me\/index.php?rest_route=%2Fwp%2Fv2%2Fcomments&post=134764"}],"version-history":[{"count":0,"href":"https:\/\/joyfball.me\/index.php?rest_route=\/wp\/v2\/pages\/134764\/revisions"}],"wp:attachment":[{"href":"https:\/\/joyfball.me\/index.php?rest_route=%2Fwp%2Fv2%2Fmedia&parent=134764"}],"curies":[{"name":"wp","href":"https:\/\/api.w.org\/{rel}","templated":true}]}}