{"id":138568,"date":"2025-05-29T09:52:04","date_gmt":"2025-05-29T09:52:04","guid":{"rendered":"https:\/\/joyfball.me\/contacta-nos\/"},"modified":"2025-06-18T09:30:35","modified_gmt":"2025-06-18T09:30:35","slug":"contacta-nos","status":"publish","type":"page","link":"https:\/\/joyfball.me\/?page_id=138568","title":{"rendered":"Contacta-nos"},"content":{"rendered":"\t\t<div data-elementor-type=\"wp-page\" data-elementor-id=\"138568\" class=\"elementor elementor-138568\">\n\t\t\t\t<div class=\"elementor-element elementor-element-f911889 e-flex e-con-boxed e-con e-parent\" data-id=\"f911889\" data-element_type=\"container\">\n\t\t\t\t\t<div class=\"e-con-inner\">\n\t\t\t\t<div class=\"elementor-element elementor-element-9301719 elementor-widget elementor-widget-heading\" data-id=\"9301719\" data-element_type=\"widget\" data-widget_type=\"heading.default\">\n\t\t\t\t<div class=\"elementor-widget-container\">\n\t\t\t\t\t<h1 class=\"elementor-heading-title elementor-size-default\">Contacta-nos<\/h1>\t\t\t\t<\/div>\n\t\t\t\t<\/div>\n\t\t\t\t\t<\/div>\n\t\t\t\t<\/div>\n\t\t<div class=\"elementor-element elementor-element-3cf834a e-flex e-con-boxed e-con e-parent\" data-id=\"3cf834a\" data-element_type=\"container\">\n\t\t\t\t\t<div class=\"e-con-inner\">\n\t\t\t\t<div class=\"elementor-element elementor-element-e027a09 elementor-widget elementor-widget-text-editor\" data-id=\"e027a09\" data-element_type=\"widget\" data-widget_type=\"text-editor.default\">\n\t\t\t\t<div class=\"elementor-widget-container\">\n\t\t\t\t\t\t\t\t\t<p><b><strong>Atendimento ao cliente das 9:00-18:00 (GMT+8)<br><br><\/strong><\/b><b><strong>Envia um e-mail para :<\/strong><\/b> <a href=\"mailto:Nicejerseyshop@liuyangjersey.com\">Nicejerseyshop@liuyangjersey.com<\/a><br><br><b><strong>WhatsApp :<\/strong><\/b> +86 14739884982<\/p><p><br>Se, por qualquer raz\u00e3o, precisares de contactar a Nicejerseyshop &#8211; seja uma quest\u00e3o, preocupa\u00e7\u00e3o, qualidade, tamanho, frustra\u00e7\u00e3o com quest\u00f5es de envio.<br><br>Queremos o melhor para ti, por isso, se houver alguma forma de te ajudarmos, <b><strong><a href=\"https:\/\/wa.me\/8614739884982\" target=\"_blank\" rel=\"noopener\">clica no bot\u00e3o do chat online<\/a><\/strong><\/b> ou <b><strong><a href=\"mailto:Nicejerseyshop@liuyangjersey.com\" target=\"_blank\" rel=\"noopener\">envia-nos um e-mail<\/a><\/strong><\/b>.<br><br>N\u00e3o te esque\u00e7as de incluir o teu e-mail e o n\u00famero da encomenda para te podermos ajudar o mais rapidamente poss\u00edvel<\/p><p>Lorem ipsum dolor sit amet, consectetur adipiscing elit. Ut elit tellus, luctus nec ullamcorper mattis, pulvinar dapibus leo.<\/p>\t\t\t\t\t\t\t\t<\/div>\n\t\t\t\t<\/div>\n\t\t\t\t\t<\/div>\n\t\t\t\t<\/div>\n\t\t\t\t<\/div>\n\t\t","protected":false},"excerpt":{"rendered":"<p>Contacta-nos Atendimento ao cliente das 9:00-18:00 (GMT+8) Envia um e-mail para : Nicejerseyshop@liuyangjersey.com WhatsApp : +86 14739884982 Se, por qualquer raz\u00e3o, precisares de contactar a Nicejerseyshop &#8211; seja uma quest\u00e3o, preocupa\u00e7\u00e3o, qualidade, tamanho, frustra\u00e7\u00e3o com quest\u00f5es de envio. Queremos o melhor para ti, por isso, se houver alguma forma de te ajudarmos, clica no bot\u00e3o [&hellip;]<\/p>\n","protected":false},"author":1,"featured_media":0,"parent":0,"menu_order":0,"comment_status":"closed","ping_status":"closed","template":"","meta":{"footnotes":""},"class_list":["post-138568","page","type-page","status-publish","hentry"],"blocksy_meta":[],"_links":{"self":[{"href":"https:\/\/joyfball.me\/index.php?rest_route=\/wp\/v2\/pages\/138568","targetHints":{"allow":["GET"]}}],"collection":[{"href":"https:\/\/joyfball.me\/index.php?rest_route=\/wp\/v2\/pages"}],"about":[{"href":"https:\/\/joyfball.me\/index.php?rest_route=\/wp\/v2\/types\/page"}],"author":[{"embeddable":true,"href":"https:\/\/joyfball.me\/index.php?rest_route=\/wp\/v2\/users\/1"}],"replies":[{"embeddable":true,"href":"https:\/\/joyfball.me\/index.php?rest_route=%2Fwp%2Fv2%2Fcomments&post=138568"}],"version-history":[{"count":0,"href":"https:\/\/joyfball.me\/index.php?rest_route=\/wp\/v2\/pages\/138568\/revisions"}],"wp:attachment":[{"href":"https:\/\/joyfball.me\/index.php?rest_route=%2Fwp%2Fv2%2Fmedia&parent=138568"}],"curies":[{"name":"wp","href":"https:\/\/api.w.org\/{rel}","templated":true}]}}