{"id":138772,"date":"2025-05-29T09:52:04","date_gmt":"2025-05-29T09:52:04","guid":{"rendered":"https:\/\/joyfball.me\/contactez-nous\/"},"modified":"2025-06-18T09:30:41","modified_gmt":"2025-06-18T09:30:41","slug":"contactez-nous","status":"publish","type":"page","link":"https:\/\/joyfball.me\/?page_id=138772","title":{"rendered":"Contactez nous"},"content":{"rendered":"\t\t<div data-elementor-type=\"wp-page\" data-elementor-id=\"138772\" class=\"elementor elementor-138772\">\n\t\t\t\t<div class=\"elementor-element elementor-element-f911889 e-flex e-con-boxed e-con e-parent\" data-id=\"f911889\" data-element_type=\"container\">\n\t\t\t\t\t<div class=\"e-con-inner\">\n\t\t\t\t<div class=\"elementor-element elementor-element-9301719 elementor-widget elementor-widget-heading\" data-id=\"9301719\" data-element_type=\"widget\" data-widget_type=\"heading.default\">\n\t\t\t\t<div class=\"elementor-widget-container\">\n\t\t\t\t\t<h1 class=\"elementor-heading-title elementor-size-default\">Contactez nous<\/h1>\t\t\t\t<\/div>\n\t\t\t\t<\/div>\n\t\t\t\t\t<\/div>\n\t\t\t\t<\/div>\n\t\t<div class=\"elementor-element elementor-element-3cf834a e-flex e-con-boxed e-con e-parent\" data-id=\"3cf834a\" data-element_type=\"container\">\n\t\t\t\t\t<div class=\"e-con-inner\">\n\t\t\t\t<div class=\"elementor-element elementor-element-e027a09 elementor-widget elementor-widget-text-editor\" data-id=\"e027a09\" data-element_type=\"widget\" data-widget_type=\"text-editor.default\">\n\t\t\t\t<div class=\"elementor-widget-container\">\n\t\t\t\t\t\t\t\t\t<p><b><strong>Service client\u00e8le De 9:00-18:00 (GMT+8)<br><br><\/strong><\/b><b><strong>Courriel :<\/strong><\/b> <a href=\"mailto:Nicejerseyshop@liuyangjersey.com\">Nicejerseyshop@liuyangjersey.com<\/a><br><br><b><strong>WhatsApp :<\/strong><\/b> +86 14739884982<\/p><p><br>Si pour une raison quelconque vous devez contacter Nicejerseyshop &#8211; qu&#8217;il s&#8217;agisse d&#8217;une question, d&#8217;un souci, de la qualit\u00e9, de la taille, d&#8217;une frustration concernant des probl\u00e8mes d&#8217;exp\u00e9dition.<br><br>Nous voulons ce qu&#8217;il y a de mieux pour vous, alors s&#8217;il y a un moyen de vous aider, <b><strong><a href=\"https:\/\/wa.me\/8614739884982\" target=\"_blank\" rel=\"noopener\">cliquez sur le bouton de chat en ligne<\/a><\/strong><\/b> ou <b><strong><a href=\"mailto:Nicejerseyshop@liuyangjersey.com\" target=\"_blank\" rel=\"noopener\">envoyez-nous un e-mail<\/a><\/strong><\/b>.<br><br>N&#8217;oubliez pas d&#8217;indiquer votre adresse \u00e9lectronique et votre num\u00e9ro de commande afin que nous puissions vous aider le plus rapidement possible.<\/p><p>Lorem ipsum dolor sit amet, consectetur adipiscing elit. Ut elit tellus, luctus nec ullamcorper mattis, pulvinar dapibus leo.<\/p>\t\t\t\t\t\t\t\t<\/div>\n\t\t\t\t<\/div>\n\t\t\t\t\t<\/div>\n\t\t\t\t<\/div>\n\t\t\t\t<\/div>\n\t\t","protected":false},"excerpt":{"rendered":"<p>Contactez nous Service client\u00e8le De 9:00-18:00 (GMT+8) Courriel : Nicejerseyshop@liuyangjersey.com WhatsApp : +86 14739884982 Si pour une raison quelconque vous devez contacter Nicejerseyshop &#8211; qu&#8217;il s&#8217;agisse d&#8217;une question, d&#8217;un souci, de la qualit\u00e9, de la taille, d&#8217;une frustration concernant des probl\u00e8mes d&#8217;exp\u00e9dition. Nous voulons ce qu&#8217;il y a de mieux pour vous, alors s&#8217;il y [&hellip;]<\/p>\n","protected":false},"author":1,"featured_media":0,"parent":0,"menu_order":0,"comment_status":"closed","ping_status":"closed","template":"","meta":{"footnotes":""},"class_list":["post-138772","page","type-page","status-publish","hentry"],"blocksy_meta":[],"_links":{"self":[{"href":"https:\/\/joyfball.me\/index.php?rest_route=\/wp\/v2\/pages\/138772","targetHints":{"allow":["GET"]}}],"collection":[{"href":"https:\/\/joyfball.me\/index.php?rest_route=\/wp\/v2\/pages"}],"about":[{"href":"https:\/\/joyfball.me\/index.php?rest_route=\/wp\/v2\/types\/page"}],"author":[{"embeddable":true,"href":"https:\/\/joyfball.me\/index.php?rest_route=\/wp\/v2\/users\/1"}],"replies":[{"embeddable":true,"href":"https:\/\/joyfball.me\/index.php?rest_route=%2Fwp%2Fv2%2Fcomments&post=138772"}],"version-history":[{"count":0,"href":"https:\/\/joyfball.me\/index.php?rest_route=\/wp\/v2\/pages\/138772\/revisions"}],"wp:attachment":[{"href":"https:\/\/joyfball.me\/index.php?rest_route=%2Fwp%2Fv2%2Fmedia&parent=138772"}],"curies":[{"name":"wp","href":"https:\/\/api.w.org\/{rel}","templated":true}]}}