{"id":138976,"date":"2025-05-29T09:52:04","date_gmt":"2025-05-29T09:52:04","guid":{"rendered":"https:\/\/joyfball.me\/kontaktieren-sie-uns\/"},"modified":"2025-06-18T09:30:50","modified_gmt":"2025-06-18T09:30:50","slug":"kontaktieren-sie-uns","status":"publish","type":"page","link":"https:\/\/joyfball.me\/?page_id=138976","title":{"rendered":"Kontaktieren Sie uns"},"content":{"rendered":"\t\t<div data-elementor-type=\"wp-page\" data-elementor-id=\"138976\" class=\"elementor elementor-138976\">\n\t\t\t\t<div class=\"elementor-element elementor-element-f911889 e-flex e-con-boxed e-con e-parent\" data-id=\"f911889\" data-element_type=\"container\">\n\t\t\t\t\t<div class=\"e-con-inner\">\n\t\t\t\t<div class=\"elementor-element elementor-element-9301719 elementor-widget elementor-widget-heading\" data-id=\"9301719\" data-element_type=\"widget\" data-widget_type=\"heading.default\">\n\t\t\t\t<div class=\"elementor-widget-container\">\n\t\t\t\t\t<h1 class=\"elementor-heading-title elementor-size-default\">Kontaktieren Sie uns<\/h1>\t\t\t\t<\/div>\n\t\t\t\t<\/div>\n\t\t\t\t\t<\/div>\n\t\t\t\t<\/div>\n\t\t<div class=\"elementor-element elementor-element-3cf834a e-flex e-con-boxed e-con e-parent\" data-id=\"3cf834a\" data-element_type=\"container\">\n\t\t\t\t\t<div class=\"e-con-inner\">\n\t\t\t\t<div class=\"elementor-element elementor-element-e027a09 elementor-widget elementor-widget-text-editor\" data-id=\"e027a09\" data-element_type=\"widget\" data-widget_type=\"text-editor.default\">\n\t\t\t\t<div class=\"elementor-widget-container\">\n\t\t\t\t\t\t\t\t\t<p><b><strong>Kundenservice von 9:00-18:00 (GMT+8)<br><br><\/strong><\/b><b><strong>E-Mail:<\/strong><\/b> <a href=\"mailto:Nicejerseyshop@liuyangjersey.com\">Nicejerseyshop@liuyangjersey.com<\/a><br><br><b><strong>WhatsApp :<\/strong><\/b> +86 14739884982<\/p><p><br>Wenn Sie sich aus irgendeinem Grund an Nicejerseyshop wenden m\u00fcssen &#8211; sei es eine Frage, ein Anliegen, die Qualit\u00e4t, die Gr\u00f6\u00dfe, Frustration \u00fcber Versandprobleme.<br><br>Wir wollen das absolut Beste f\u00fcr Sie, also wenn es irgendeine M\u00f6glichkeit gibt, k\u00f6nnen wir helfen, <b><strong><a href=\"https:\/\/wa.me\/8614739884982\" target=\"_blank\" rel=\"noopener\">klicken Sie auf die Schaltfl\u00e4che Online-Chat<\/a><\/strong><\/b> oder <b><strong><a href=\"mailto:Nicejerseyshop@liuyangjersey.com\" target=\"_blank\" rel=\"noopener\">schicken Sie uns eine E-Mail<\/a><\/strong><\/b>.<br><br>Geben Sie unbedingt Ihre E-Mail-Adresse und Bestellnummer an, damit wir Ihnen so schnell wie m\u00f6glich helfen k\u00f6nnen.<\/p><p>Lorem ipsum dolor sit amet, consectetur adipiscing elit. Ut elit tellus, luctus nec ullamcorper mattis, pulvinar dapibus leo.<\/p>\t\t\t\t\t\t\t\t<\/div>\n\t\t\t\t<\/div>\n\t\t\t\t\t<\/div>\n\t\t\t\t<\/div>\n\t\t\t\t<\/div>\n\t\t","protected":false},"excerpt":{"rendered":"<p>Kontaktieren Sie uns Kundenservice von 9:00-18:00 (GMT+8) E-Mail: Nicejerseyshop@liuyangjersey.com WhatsApp : +86 14739884982 Wenn Sie sich aus irgendeinem Grund an Nicejerseyshop wenden m\u00fcssen &#8211; sei es eine Frage, ein Anliegen, die Qualit\u00e4t, die Gr\u00f6\u00dfe, Frustration \u00fcber Versandprobleme. Wir wollen das absolut Beste f\u00fcr Sie, also wenn es irgendeine M\u00f6glichkeit gibt, k\u00f6nnen wir helfen, klicken Sie [&hellip;]<\/p>\n","protected":false},"author":1,"featured_media":0,"parent":0,"menu_order":0,"comment_status":"closed","ping_status":"closed","template":"","meta":{"footnotes":""},"class_list":["post-138976","page","type-page","status-publish","hentry"],"blocksy_meta":[],"_links":{"self":[{"href":"https:\/\/joyfball.me\/index.php?rest_route=\/wp\/v2\/pages\/138976","targetHints":{"allow":["GET"]}}],"collection":[{"href":"https:\/\/joyfball.me\/index.php?rest_route=\/wp\/v2\/pages"}],"about":[{"href":"https:\/\/joyfball.me\/index.php?rest_route=\/wp\/v2\/types\/page"}],"author":[{"embeddable":true,"href":"https:\/\/joyfball.me\/index.php?rest_route=\/wp\/v2\/users\/1"}],"replies":[{"embeddable":true,"href":"https:\/\/joyfball.me\/index.php?rest_route=%2Fwp%2Fv2%2Fcomments&post=138976"}],"version-history":[{"count":0,"href":"https:\/\/joyfball.me\/index.php?rest_route=\/wp\/v2\/pages\/138976\/revisions"}],"wp:attachment":[{"href":"https:\/\/joyfball.me\/index.php?rest_route=%2Fwp%2Fv2%2Fmedia&parent=138976"}],"curies":[{"name":"wp","href":"https:\/\/api.w.org\/{rel}","templated":true}]}}