{"id":139584,"date":"2025-05-29T09:00:39","date_gmt":"2025-05-29T09:00:39","guid":{"rendered":"https:\/\/joyfball.me\/sobre-nos\/"},"modified":"2025-06-18T09:31:09","modified_gmt":"2025-06-18T09:31:09","slug":"sobre-nos","status":"publish","type":"page","link":"https:\/\/joyfball.me\/?page_id=139584","title":{"rendered":"Sobre n\u00f3s"},"content":{"rendered":"\t\t<div data-elementor-type=\"wp-page\" data-elementor-id=\"139584\" class=\"elementor elementor-139584\">\n\t\t\t\t<div class=\"elementor-element elementor-element-4370a6d e-flex e-con-boxed e-con e-parent\" data-id=\"4370a6d\" data-element_type=\"container\">\n\t\t\t\t\t<div class=\"e-con-inner\">\n\t\t\t\t<div class=\"elementor-element elementor-element-afc4d48 elementor-widget elementor-widget-heading\" data-id=\"afc4d48\" data-element_type=\"widget\" data-widget_type=\"heading.default\">\n\t\t\t\t<div class=\"elementor-widget-container\">\n\t\t\t\t\t<h1 class=\"elementor-heading-title elementor-size-default\">Sobre n\u00f3s<\/h1>\t\t\t\t<\/div>\n\t\t\t\t<\/div>\n\t\t\t\t\t<\/div>\n\t\t\t\t<\/div>\n\t\t<div class=\"elementor-element elementor-element-b350baf e-flex e-con-boxed e-con e-parent\" data-id=\"b350baf\" data-element_type=\"container\">\n\t\t\t\t\t<div class=\"e-con-inner\">\n\t\t\t\t<div class=\"elementor-element elementor-element-fcd004a elementor-widget elementor-widget-text-editor\" data-id=\"fcd004a\" data-element_type=\"widget\" data-widget_type=\"text-editor.default\">\n\t\t\t\t<div class=\"elementor-widget-container\">\n\t\t\t\t\t\t\t\t\t<div class=\"visual_plugins_container\" data-type=\"article\" data-mode=\"mode_1\" data-location=\"3\" data-delete=\"0\"><div id=\"main\" class=\"container_screen ly_article_1\" data-visual-id=\"6461\"><div class=\"article_content_box\"><div class=\"main_content editor_txt ck-content themes_text_content\"><p>Bem-vindo \u00e0 Nicejerseyshop! Somos uma loja de camisolas que oferece alta qualidade, pre\u00e7os acess\u00edveis e envio gratuito.  <br><br>Adoramos camisolas e trabalhamos arduamente para oferecer a melhor sele\u00e7\u00e3o e os melhores pre\u00e7os aos nossos clientes.  <br><br>O nosso objetivo \u00e9 garantir que todos os compradores ficam satisfeitos com a sua compra.<br><br>As nossas camisolas s\u00e3o fabricadas pelos melhores fabricantes, o que garante a sua qualidade e durabilidade.  <br><br>Temos uma grande variedade de camisolas, incluindo de equipas nacionais, equipas de clubes, camisolas de jogadores e muito mais.  <br><br>Independentemente da equipa ou do jogador que apoias, temos o que procuras.<br><br>O nosso objetivo \u00e9 tornar a tua experi\u00eancia de compra agrad\u00e1vel e sem esfor\u00e7o.  <br><br>Oferecemos um envio r\u00e1pido e gratuito para todo o mundo, garantindo que recebes as tuas camisolas em tempo \u00fatil.  <br><br>Se tiveres alguma d\u00favida ou preocupa\u00e7\u00e3o, a nossa equipa de apoio ao cliente est\u00e1 pronta para te ajudar e responder a quaisquer perguntas que possas ter.<br><br>Obrigado por visitares a Nicejerseyshop.  <br><br>Estamos ansiosos por te fornecer o melhor servi\u00e7o e as melhores camisolas!<\/p><\/div><\/div><\/div><\/div><div id=\"themes_global_point\" class=\"themes_global_point\"> <\/div><div class=\"visual_plugins_container\" data-type=\"footer\" data-mode=\"mode_73\" data-location=\"4\" data-delete=\"0\"><div id=\"footer\" class=\"ly_footer_73\" data-visual-id=\"6459\"><div class=\"ly_footer_top\"><div class=\"ly_i_wrapper_1500\"><div class=\"ly_foot_t_left\"><div class=\"default_foot_menu default_foot_menu_style default_foot_menu_6\"><div class=\"menu_list\"> <\/div><\/div><\/div><\/div><\/div><\/div><\/div><p>Lorem ipsum dolor sit amet, consectetur adipiscing elit. Ut elit tellus, luctus nec ullamcorper mattis, pulvinar dapibus leo.<\/p>\t\t\t\t\t\t\t\t<\/div>\n\t\t\t\t<\/div>\n\t\t\t\t\t<\/div>\n\t\t\t\t<\/div>\n\t\t\t\t<\/div>\n\t\t","protected":false},"excerpt":{"rendered":"<p>Sobre n\u00f3s Bem-vindo \u00e0 Nicejerseyshop! Somos uma loja de camisolas que oferece alta qualidade, pre\u00e7os acess\u00edveis e envio gratuito. Adoramos camisolas e trabalhamos arduamente para oferecer a melhor sele\u00e7\u00e3o e os melhores pre\u00e7os aos nossos clientes. O nosso objetivo \u00e9 garantir que todos os compradores ficam satisfeitos com a sua compra. As nossas camisolas s\u00e3o [&hellip;]<\/p>\n","protected":false},"author":1,"featured_media":0,"parent":0,"menu_order":0,"comment_status":"closed","ping_status":"closed","template":"","meta":{"footnotes":""},"class_list":["post-139584","page","type-page","status-publish","hentry"],"blocksy_meta":[],"_links":{"self":[{"href":"https:\/\/joyfball.me\/index.php?rest_route=\/wp\/v2\/pages\/139584","targetHints":{"allow":["GET"]}}],"collection":[{"href":"https:\/\/joyfball.me\/index.php?rest_route=\/wp\/v2\/pages"}],"about":[{"href":"https:\/\/joyfball.me\/index.php?rest_route=\/wp\/v2\/types\/page"}],"author":[{"embeddable":true,"href":"https:\/\/joyfball.me\/index.php?rest_route=\/wp\/v2\/users\/1"}],"replies":[{"embeddable":true,"href":"https:\/\/joyfball.me\/index.php?rest_route=%2Fwp%2Fv2%2Fcomments&post=139584"}],"version-history":[{"count":0,"href":"https:\/\/joyfball.me\/index.php?rest_route=\/wp\/v2\/pages\/139584\/revisions"}],"wp:attachment":[{"href":"https:\/\/joyfball.me\/index.php?rest_route=%2Fwp%2Fv2%2Fmedia&parent=139584"}],"curies":[{"name":"wp","href":"https:\/\/api.w.org\/{rel}","templated":true}]}}